{"id":57,"date":"2014-01-24T08:07:51","date_gmt":"2014-01-24T08:07:51","guid":{"rendered":"http:\/\/ihmuseo.fi\/wp\/?page_id=57"},"modified":"2025-07-06T16:46:14","modified_gmt":"2025-07-06T16:46:14","slug":"yhteystiedot","status":"publish","type":"page","link":"https:\/\/ihmuseo.fi\/?page_id=57","title":{"rendered":"Yhteystiedot"},"content":{"rendered":"<p>Museonhoitaja Vesa J\u00e4rvinen<br \/>\nKoskip\u00e4\u00e4n kartano<br \/>\nKoskip\u00e4\u00e4ntie 2<br \/>\n19600 Hartola<br \/>\ngsm. 044 &#8211; 0770 149<br \/>\nE-mail: info [at] ihmuseo.fi<\/p>\n<p><strong>Museo on avoinna kes\u00e4ll\u00e4 klo 11-18 ja talvella klo 12-16, sopimuksesta muulloin.<\/strong><\/p>\n<p><strong>P\u00e4\u00e4syliput:<\/strong><\/p>\n<p><strong><em>It\u00e4-H\u00e4meen museo<\/em><\/strong><\/p>\n<ul>\n<li>Aikuiset 8 \u20ac<\/li>\n<li>El\u00e4kel\u00e4iset, opiskeijat, 7-14 -vuotiaat 5 \u20ac<\/li>\n<li>Museokortilla veloituksetta.<\/li>\n<\/ul>\n<p><em><strong>Taidesalonki Talvio<\/strong><\/em><\/p>\n<ul>\n<li>Aikuiset 14 \u20ac<\/li>\n<li>El\u00e4kel\u00e4iset, opiskeijat, 7-14 -vuotiaat 8 \u20ac<\/li>\n<li>Museokortti + 6 \u20ac (sis\u00e4lt\u00e4\u00e4 p\u00e4\u00e4syn my\u00f6s museoon)<\/li>\n<\/ul>\n<p><em><strong>Yhteislippu museo ja n\u00e4yttely<\/strong><\/em><\/p>\n<ul>\n<li>Museokortti + 6 \u20ac<\/li>\n<li>Aikuiset 20 \u20ac<\/li>\n<li>El\u00e4kel\u00e4iset, opiskeijat, 7-14 -vuotiaat 12 \u20ac<\/li>\n<\/ul>\n<p><strong>Lapset 0-7v veloituksetta<\/strong><\/p>\n","protected":false},"excerpt":{"rendered":"<p>Museonhoitaja Vesa J\u00e4rvinen Koskip\u00e4\u00e4n kartano Koskip\u00e4\u00e4ntie 2 19600 Hartola gsm. 044 &#8211; 0770 149 E-mail: info [at] ihmuseo.fi Museo on avoinna kes\u00e4ll\u00e4 klo 11-18 ja talvella klo 12-16, sopimuksesta muulloin. P\u00e4\u00e4syliput: It\u00e4-H\u00e4meen museo Aikuiset 8 \u20ac El\u00e4kel\u00e4iset, opiskeijat, 7-14 -vuotiaat 5 \u20ac Museokortilla veloituksetta. Taidesalonki Talvio Aikuiset 14 \u20ac El\u00e4kel\u00e4iset, opiskeijat, 7-14 -vuotiaat 8 \u20ac [&hellip;]<\/p>\n","protected":false},"author":1,"featured_media":0,"parent":0,"menu_order":0,"comment_status":"closed","ping_status":"closed","template":"","meta":[],"_links":{"self":[{"href":"https:\/\/ihmuseo.fi\/index.php?rest_route=\/wp\/v2\/pages\/57"}],"collection":[{"href":"https:\/\/ihmuseo.fi\/index.php?rest_route=\/wp\/v2\/pages"}],"about":[{"href":"https:\/\/ihmuseo.fi\/index.php?rest_route=\/wp\/v2\/types\/page"}],"author":[{"embeddable":true,"href":"https:\/\/ihmuseo.fi\/index.php?rest_route=\/wp\/v2\/users\/1"}],"replies":[{"embeddable":true,"href":"https:\/\/ihmuseo.fi\/index.php?rest_route=%2Fwp%2Fv2%2Fcomments&post=57"}],"version-history":[{"count":12,"href":"https:\/\/ihmuseo.fi\/index.php?rest_route=\/wp\/v2\/pages\/57\/revisions"}],"predecessor-version":[{"id":455,"href":"https:\/\/ihmuseo.fi\/index.php?rest_route=\/wp\/v2\/pages\/57\/revisions\/455"}],"wp:attachment":[{"href":"https:\/\/ihmuseo.fi\/index.php?rest_route=%2Fwp%2Fv2%2Fmedia&parent=57"}],"curies":[{"name":"wp","href":"https:\/\/api.w.org\/{rel}","templated":true}]}}