{"id":43,"date":"2014-01-24T07:53:20","date_gmt":"2014-01-24T07:53:20","guid":{"rendered":"http:\/\/ihmuseo.fi\/wp\/?page_id=43"},"modified":"2014-01-24T10:22:40","modified_gmt":"2014-01-24T10:22:40","slug":"koskipaan-historiaa","status":"publish","type":"page","link":"https:\/\/ihmuseo.fi\/?page_id=43","title":{"rendered":"Koskip\u00e4\u00e4n kartano"},"content":{"rendered":"<p><a href=\"http:\/\/ihmuseo.fi\/wp\/wp-content\/uploads\/2014\/01\/museo2_pieni.jpg\"><img decoding=\"async\" loading=\"lazy\" class=\"size-medium wp-image-44 alignright\" alt=\"It\u00e4-H\u00e4meen museo\" src=\"http:\/\/ihmuseo.fi\/wp\/wp-content\/uploads\/2014\/01\/museo2_pieni-300x189.jpg\" width=\"300\" height=\"189\" srcset=\"https:\/\/ihmuseo.fi\/wp\/wp-content\/uploads\/2014\/01\/museo2_pieni-300x189.jpg 300w, https:\/\/ihmuseo.fi\/wp\/wp-content\/uploads\/2014\/01\/museo2_pieni.jpg 338w\" sizes=\"(max-width: 300px) 100vw, 300px\" \/><\/a>Koskip\u00e4\u00e4 on ollut It\u00e4-H\u00e4meen suurimpia kartanoita ja laajimmillaan Koskip\u00e4\u00e4h\u00e4n on kuulunut 25 000 hehtaaria maata ja parisataa torpparia. Alueella on ollut asutusta ainakin rautakaudelta alkaen. 1300-luvulla alue mainitaan asuttuna paikkana.<\/p>\n<p>Kartano Koskip\u00e4\u00e4st\u00e4 muodostui 1500-luvun lopulla Sipi Henrikinpojan hankittua naapuritiloja haltuunsa. H\u00e4nen poikansa Henrik aateloitiin Silfverb\u00f6geliksi vuonna 1639. Silfverb\u00f6geleiden j\u00e4lkeen kartano siirtyi vuonna 1677 sysm\u00e4l\u00e4iselle Tandefelt-suvulle naimakauppojen v\u00e4lityksell\u00e4. 1850-luvulla kartano siirtyi von Gerdten-suvulle. Koskip\u00e4\u00e4n viimeinen omistaja oli Annie von Gerdten-Boisman (1859-1927), Hartolan kappalaisen A. M. Winterin tyt\u00e4r ja kirjailija Maila Talvion sisar.<\/p>\n<p>PIhapiiri:<\/p>\n<ul class=\"lcp_catlist\" id=\"lcp_instance_0\"><li><a href=\"https:\/\/ihmuseo.fi\/?p=89\" title=\"Vihre\u00e4 p\u00e4\u00e4rakennus\">Vihre\u00e4 p\u00e4\u00e4rakennus<\/a> <\/li><li><a href=\"https:\/\/ihmuseo.fi\/?p=79\" title=\"Kartanon pihapiiri\">Kartanon pihapiiri<\/a> <\/li><li><a href=\"https:\/\/ihmuseo.fi\/?p=76\" title=\"Vanha Koskip\u00e4\u00e4\">Vanha Koskip\u00e4\u00e4<\/a> <\/li><li><a href=\"https:\/\/ihmuseo.fi\/?p=73\" title=\"Ajokaluvaja eli ratasliiteri\">Ajokaluvaja eli ratasliiteri<\/a> <\/li><li><a href=\"https:\/\/ihmuseo.fi\/?p=70\" title=\"Tuulimylly\">Tuulimylly<\/a> <\/li><li><a href=\"https:\/\/ihmuseo.fi\/?p=67\" title=\"Jokiranta ja riippusilta\">Jokiranta ja riippusilta<\/a> <\/li><li><a href=\"https:\/\/ihmuseo.fi\/?p=98\" title=\"Savupirtti\">Savupirtti<\/a> <\/li><li><a href=\"https:\/\/ihmuseo.fi\/?p=96\" title=\"Tuparakennus\">Tuparakennus<\/a> <\/li><li><a href=\"https:\/\/ihmuseo.fi\/?p=93\" title=\"Aittarakennus ja holvatut kellarit\">Aittarakennus ja holvatut kellarit<\/a> <\/li><li><a href=\"https:\/\/ihmuseo.fi\/?p=130\" title=\"Meijerialue\">Meijerialue<\/a> <\/li><li><a href=\"https:\/\/ihmuseo.fi\/?p=128\" title=\"Niemen tila\">Niemen tila<\/a> <\/li><\/ul>\n<p>Vihre\u00e4 p\u00e4\u00e4rakennus:<\/p>\n<ul class=\"lcp_catlist\" id=\"lcp_instance_0\"><li><a href=\"https:\/\/ihmuseo.fi\/?p=114\" title=\"Eteinen ja pikkueteinen\">Eteinen ja pikkueteinen<\/a> <\/li><li><a href=\"https:\/\/ihmuseo.fi\/?p=112\" title=\"Iso sali eli juhlasali\">Iso sali eli juhlasali<\/a> <\/li><li><a href=\"https:\/\/ihmuseo.fi\/?p=110\" title=\"Is\u00e4nn\u00e4n ja em\u00e4nn\u00e4n makuuhuone\">Is\u00e4nn\u00e4n ja em\u00e4nn\u00e4n makuuhuone<\/a> <\/li><li><a href=\"https:\/\/ihmuseo.fi\/?p=108\" title=\"Keitti\u00f6kamari ja keitti\u00f6\">Keitti\u00f6kamari ja keitti\u00f6<\/a> <\/li><li><a href=\"https:\/\/ihmuseo.fi\/?p=106\" title=\"Per\u00e4kamari\">Per\u00e4kamari<\/a> <\/li><li><a href=\"https:\/\/ihmuseo.fi\/?p=104\" title=\"Pieni sali\">Pieni sali<\/a> <\/li><li><a href=\"https:\/\/ihmuseo.fi\/?p=102\" title=\"Punainen huone\">Punainen huone<\/a> <\/li><li><a href=\"https:\/\/ihmuseo.fi\/?p=100\" title=\"Ruokasali\">Ruokasali<\/a> <\/li><li><a href=\"https:\/\/ihmuseo.fi\/?p=116\" title=\"Maila Talvion ty\u00f6huone\">Maila Talvion ty\u00f6huone<\/a> <\/li><li><a href=\"https:\/\/ihmuseo.fi\/?p=143\" title=\"Vierashuone\">Vierashuone<\/a> <\/li><li><a href=\"https:\/\/ihmuseo.fi\/?p=145\" title=\"Yl\u00e4kerta\">Yl\u00e4kerta<\/a> <\/li><\/ul>\n<p>Muistohuoneet:<\/p>\n<ul class=\"lcp_catlist\" id=\"lcp_instance_0\"><li><a href=\"https:\/\/ihmuseo.fi\/?p=411\" title=\"N\u00e4yttely: Vuoksenranta menetetyst\u00e4 Karjalasta\">N\u00e4yttely: Vuoksenranta menetetyst\u00e4 Karjalasta<\/a> <\/li><li><a href=\"https:\/\/ihmuseo.fi\/?p=124\" title=\"Mika Waltarin kamari\">Mika Waltarin kamari<\/a> <\/li><li><a href=\"https:\/\/ihmuseo.fi\/?p=120\" title=\"Uuno Kailaan muistohuone\">Uuno Kailaan muistohuone<\/a> <\/li><li><a href=\"https:\/\/ihmuseo.fi\/?p=116\" title=\"Maila Talvion ty\u00f6huone\">Maila Talvion ty\u00f6huone<\/a> <\/li><\/ul>\n","protected":false},"excerpt":{"rendered":"<p>Koskip\u00e4\u00e4 on ollut It\u00e4-H\u00e4meen suurimpia kartanoita ja laajimmillaan Koskip\u00e4\u00e4h\u00e4n on kuulunut 25 000 hehtaaria maata ja parisataa torpparia. Alueella on ollut asutusta ainakin rautakaudelta alkaen. 1300-luvulla alue mainitaan asuttuna paikkana. Kartano Koskip\u00e4\u00e4st\u00e4 muodostui 1500-luvun lopulla Sipi Henrikinpojan hankittua naapuritiloja haltuunsa. H\u00e4nen poikansa Henrik aateloitiin Silfverb\u00f6geliksi vuonna 1639. Silfverb\u00f6geleiden j\u00e4lkeen kartano siirtyi vuonna 1677 sysm\u00e4l\u00e4iselle Tandefelt-suvulle [&hellip;]<\/p>\n","protected":false},"author":1,"featured_media":0,"parent":0,"menu_order":0,"comment_status":"closed","ping_status":"open","template":"","meta":[],"_links":{"self":[{"href":"https:\/\/ihmuseo.fi\/index.php?rest_route=\/wp\/v2\/pages\/43"}],"collection":[{"href":"https:\/\/ihmuseo.fi\/index.php?rest_route=\/wp\/v2\/pages"}],"about":[{"href":"https:\/\/ihmuseo.fi\/index.php?rest_route=\/wp\/v2\/types\/page"}],"author":[{"embeddable":true,"href":"https:\/\/ihmuseo.fi\/index.php?rest_route=\/wp\/v2\/users\/1"}],"replies":[{"embeddable":true,"href":"https:\/\/ihmuseo.fi\/index.php?rest_route=%2Fwp%2Fv2%2Fcomments&post=43"}],"version-history":[{"count":11,"href":"https:\/\/ihmuseo.fi\/index.php?rest_route=\/wp\/v2\/pages\/43\/revisions"}],"predecessor-version":[{"id":138,"href":"https:\/\/ihmuseo.fi\/index.php?rest_route=\/wp\/v2\/pages\/43\/revisions\/138"}],"wp:attachment":[{"href":"https:\/\/ihmuseo.fi\/index.php?rest_route=%2Fwp%2Fv2%2Fmedia&parent=43"}],"curies":[{"name":"wp","href":"https:\/\/api.w.org\/{rel}","templated":true}]}}