{"id":2,"date":"2014-01-24T06:44:03","date_gmt":"2014-01-24T06:44:03","guid":{"rendered":"http:\/\/ihmuseo.fi\/wp\/?page_id=2"},"modified":"2026-03-20T09:31:00","modified_gmt":"2026-03-20T09:31:00","slug":"sample-page","status":"publish","type":"page","link":"https:\/\/ihmuseo.fi\/","title":{"rendered":"It\u00e4-H\u00e4meen museo"},"content":{"rendered":"\n<p>Museo on avoinna joka p\u00e4iv\u00e4 11-18 (kes\u00e4aika) tai klo 12-16 (talviaika), sopimuksesta muulloin.<\/p>\n\n\n<div class=\"wp-block-image\">\n<figure class=\"aligncenter\"><img decoding=\"async\" loading=\"lazy\" width=\"687\" height=\"515\" src=\"http:\/\/ihmuseo.fi\/wp\/wp-content\/uploads\/2020\/10\/image.jpg\" alt=\"\" class=\"wp-image-267\" srcset=\"https:\/\/ihmuseo.fi\/wp\/wp-content\/uploads\/2020\/10\/image.jpg 687w, https:\/\/ihmuseo.fi\/wp\/wp-content\/uploads\/2020\/10\/image-300x225.jpg 300w, https:\/\/ihmuseo.fi\/wp\/wp-content\/uploads\/2020\/10\/image-624x468.jpg 624w\" sizes=\"(max-width: 687px) 100vw, 687px\" \/><\/figure><\/div>\n\n\n<p>It\u00e4-H\u00e4meen museo on It\u00e4-H\u00e4meen seitsem\u00e4n pit\u00e4j\u00e4n seutumuseo, jonka omistaa vuonna 1928 perustettu It\u00e4-H\u00e4meen Museoyhdistys ry. Museon on perustanut kirjailija Maila Talvio. Presidentti Relander vihki It\u00e4-H\u00e4meen museon 30.6.1929. Koskip\u00e4\u00e4n kartanon rakennuksiin.<\/p>\n\n\n\n<p>It\u00e4-H\u00e4meen museosta voit l\u00f6yt\u00e4\u00e4 mm. kartanokulttuuria, kansanomaista esineist\u00f6\u00e4, Vuoksenranta-osaston, kirjailija Maila Talvion, kirjailija Mika Waltarin ja runoilija Uuno Kailaan muistohuoneet, savupirtin sek\u00e4 maatalousmuseon. Kes\u00e4ll\u00e4 vaihtuvia n\u00e4yttelyit\u00e4. Museon kokoelmissa on kaikkiaan noin 30 000 esinett\u00e4, joista esill\u00e4 on perusn\u00e4yttelyiss\u00e4 noin kymmenesosa. P\u00e4\u00e4osin museon s\u00e4ilytystilat ovat entisell\u00e4 Hartolan osuusmeijerin alueella sek\u00e4 Niemen tilalla, jotka my\u00f6s Museoyhdistys omistaa.<\/p>\n\n\n\n<p>Yhdistyksell\u00e4 on museon hoitosopimus Lahden kaupungin museotoimen kanssa.<\/p>\n\n\n\n<div class=\"wp-block-file\"><a id=\"wp-block-file--media-910ddd05-5f86-412a-abba-f39142caefd3\" href=\"http:\/\/ihmuseo.fi\/wp\/wp-content\/uploads\/2025\/05\/museo_esite_2025_FINAL.pdf\" target=\"_blank\" rel=\"noreferrer noopener\">museo_esite_2025_FINAL<\/a><a href=\"http:\/\/ihmuseo.fi\/wp\/wp-content\/uploads\/2025\/05\/museo_esite_2025_FINAL.pdf\" class=\"wp-block-file__button wp-element-button\" download aria-describedby=\"wp-block-file--media-910ddd05-5f86-412a-abba-f39142caefd3\">Download<\/a><\/div>\n\n\n\n<div class=\"wp-block-media-text alignwide is-stacked-on-mobile has-light-gray-background-color has-background\" style=\"grid-template-columns:21% auto\"><figure class=\"wp-block-media-text__media\"><img decoding=\"async\" loading=\"lazy\" width=\"1024\" height=\"768\" src=\"http:\/\/ihmuseo.fi\/wp\/wp-content\/uploads\/2023\/05\/IMG_20220721_071946-1024x768.jpg\" alt=\"\" class=\"wp-image-371 size-full\" srcset=\"https:\/\/ihmuseo.fi\/wp\/wp-content\/uploads\/2023\/05\/IMG_20220721_071946-1024x768.jpg 1024w, https:\/\/ihmuseo.fi\/wp\/wp-content\/uploads\/2023\/05\/IMG_20220721_071946-300x225.jpg 300w, https:\/\/ihmuseo.fi\/wp\/wp-content\/uploads\/2023\/05\/IMG_20220721_071946-768x576.jpg 768w, https:\/\/ihmuseo.fi\/wp\/wp-content\/uploads\/2023\/05\/IMG_20220721_071946-1536x1152.jpg 1536w, https:\/\/ihmuseo.fi\/wp\/wp-content\/uploads\/2023\/05\/IMG_20220721_071946-2048x1536.jpg 2048w, https:\/\/ihmuseo.fi\/wp\/wp-content\/uploads\/2023\/05\/IMG_20220721_071946-624x468.jpg 624w\" sizes=\"(max-width: 1024px) 100vw, 1024px\" \/><\/figure><div class=\"wp-block-media-text__content\">\n<p><strong>Hautausmaak\u00e4vely<\/strong><\/p>\n\n\n\n<p>Hautausmaak\u00e4vely Hartolan hautausmaalla su 19.7. klo 11.30. L\u00e4ht\u00f6 kirkon edest\u00e4. Vet\u00e4j\u00e4n\u00e4 museonhoitaja Vesa J\u00e4rvinen.<\/p>\n<\/div><\/div>\n\n\n\n<div class=\"wp-block-media-text alignwide is-stacked-on-mobile has-light-gray-background-color has-background\" style=\"grid-template-columns:21% auto\"><figure class=\"wp-block-media-text__media\"><img decoding=\"async\" loading=\"lazy\" width=\"1024\" height=\"768\" src=\"http:\/\/ihmuseo.fi\/wp\/wp-content\/uploads\/2024\/10\/vuoksenranta_kartta-1024x768.jpg\" alt=\"\" class=\"wp-image-413 size-full\" srcset=\"https:\/\/ihmuseo.fi\/wp\/wp-content\/uploads\/2024\/10\/vuoksenranta_kartta-1024x768.jpg 1024w, https:\/\/ihmuseo.fi\/wp\/wp-content\/uploads\/2024\/10\/vuoksenranta_kartta-300x225.jpg 300w, https:\/\/ihmuseo.fi\/wp\/wp-content\/uploads\/2024\/10\/vuoksenranta_kartta-768x576.jpg 768w, https:\/\/ihmuseo.fi\/wp\/wp-content\/uploads\/2024\/10\/vuoksenranta_kartta-624x468.jpg 624w, https:\/\/ihmuseo.fi\/wp\/wp-content\/uploads\/2024\/10\/vuoksenranta_kartta.jpg 1500w\" sizes=\"(max-width: 1024px) 100vw, 1024px\" \/><\/figure><div class=\"wp-block-media-text__content\">\n<p><strong>Vuoksenranta menetetyst\u00e4 Karjalasta<\/strong><\/p>\n\n\n\n<p>N\u00e4yttely kertoo Vuoksenrannan kunnasta, joka sijaitsi menetetyn Karjalan Kannaksen pohjoisosan keskustassa Viipurin ja K\u00e4kisalmen puolessa v\u00e4liss\u00e4. <a href=\"http:\/\/ihmuseo.fi\/?p=411\" data-type=\"post\" data-id=\"411\" target=\"_blank\" rel=\"noreferrer noopener\">Lue lis\u00e4\u00e4 Vuoksenrantaosastosta.<\/a><\/p>\n<\/div><\/div>\n\n\n\n<div class=\"wp-block-media-text alignwide is-stacked-on-mobile has-very-light-gray-background-color has-background\" style=\"grid-template-columns:21% auto\"><figure class=\"wp-block-media-text__media\"><img decoding=\"async\" loading=\"lazy\" width=\"960\" height=\"602\" src=\"http:\/\/ihmuseo.fi\/wp\/wp-content\/uploads\/2020\/10\/museokortti.png\" alt=\"\" class=\"wp-image-268 size-full\" srcset=\"https:\/\/ihmuseo.fi\/wp\/wp-content\/uploads\/2020\/10\/museokortti.png 960w, https:\/\/ihmuseo.fi\/wp\/wp-content\/uploads\/2020\/10\/museokortti-300x188.png 300w, https:\/\/ihmuseo.fi\/wp\/wp-content\/uploads\/2020\/10\/museokortti-768x482.png 768w, https:\/\/ihmuseo.fi\/wp\/wp-content\/uploads\/2020\/10\/museokortti-624x391.png 624w\" sizes=\"(max-width: 960px) 100vw, 960px\" \/><\/figure><div class=\"wp-block-media-text__content\">\n<p class=\"has-normal-font-size\"><strong>Olemme museokorttikohde <\/strong><\/p>\n\n\n\n<p>Hanki museokortti itsellesi tai lahjaksi museolta.  <a rel=\"noreferrer noopener\" href=\"https:\/\/museot.fi\/museokortti\" target=\"_blank\">Lue lis\u00e4\u00e4 museokortista&#8230;<\/a><\/p>\n<\/div><\/div>\n\n\n\n<div class=\"wp-block-media-text alignwide is-stacked-on-mobile has-very-light-gray-background-color has-background\" style=\"grid-template-columns:21% auto\"><figure class=\"wp-block-media-text__media\"><img decoding=\"async\" loading=\"lazy\" width=\"1024\" height=\"722\" src=\"http:\/\/ihmuseo.fi\/wp\/wp-content\/uploads\/2014\/01\/image-1024x722.jpeg\" alt=\"\" class=\"wp-image-166 size-full\" srcset=\"https:\/\/ihmuseo.fi\/wp\/wp-content\/uploads\/2014\/01\/image-1024x722.jpeg 1024w, https:\/\/ihmuseo.fi\/wp\/wp-content\/uploads\/2014\/01\/image-300x212.jpeg 300w, https:\/\/ihmuseo.fi\/wp\/wp-content\/uploads\/2014\/01\/image-768x541.jpeg 768w, https:\/\/ihmuseo.fi\/wp\/wp-content\/uploads\/2014\/01\/image-624x440.jpeg 624w, https:\/\/ihmuseo.fi\/wp\/wp-content\/uploads\/2014\/01\/image.jpeg 1190w\" sizes=\"(max-width: 1024px) 100vw, 1024px\" \/><\/figure><div class=\"wp-block-media-text__content\">\n<p><strong>Taidesalonki Talvio<\/strong><\/p>\n\n\n\n<p>Taidesaldonki Talvio avautuu 23.5.2026 ja on avoinna 10.9. saakka.<\/p>\n\n\n\n<p>os. Koskip\u00e4\u00e4ntie 2, Hartola<\/p>\n<\/div><\/div>\n\n\n\n<div class=\"wp-block-media-text alignwide is-stacked-on-mobile has-light-gray-background-color has-background\" style=\"grid-template-columns:21% auto\"><figure class=\"wp-block-media-text__media\"><img decoding=\"async\" loading=\"lazy\" width=\"1024\" height=\"768\" src=\"https:\/\/ihmuseo.fi\/wp\/wp-content\/uploads\/2025\/06\/image000000-1-1024x768.jpg\" alt=\"\" class=\"wp-image-451 size-full\" srcset=\"https:\/\/ihmuseo.fi\/wp\/wp-content\/uploads\/2025\/06\/image000000-1-1024x768.jpg 1024w, https:\/\/ihmuseo.fi\/wp\/wp-content\/uploads\/2025\/06\/image000000-1-300x225.jpg 300w, https:\/\/ihmuseo.fi\/wp\/wp-content\/uploads\/2025\/06\/image000000-1-768x576.jpg 768w, https:\/\/ihmuseo.fi\/wp\/wp-content\/uploads\/2025\/06\/image000000-1-1536x1152.jpg 1536w, https:\/\/ihmuseo.fi\/wp\/wp-content\/uploads\/2025\/06\/image000000-1-624x468.jpg 624w, https:\/\/ihmuseo.fi\/wp\/wp-content\/uploads\/2025\/06\/image000000-1.jpg 1600w\" sizes=\"(max-width: 1024px) 100vw, 1024px\" \/><\/figure><div class=\"wp-block-media-text__content\">\n<p><strong>Tulkaatten museoon ja taidenn\u00e4yttelyyn<\/strong><\/p>\n\n\n\n<p>Pys\u00e4k\u00f6intialue tuulimyllyn ymp\u00e4rist\u00f6ss\u00e4.<\/p>\n\n\n\n<p>S\u00e4hk\u00f6latausmahdollisuus kahvila-ravintola Kuninkaanportin s\u00e4hk\u00f6latauspisteill\u00e4 480 metrin p\u00e4\u00e4ss\u00e4. <\/p>\n<\/div><\/div>\n\n\n\n<figure class=\"wp-block-embed is-type-video is-provider-youtube wp-block-embed-youtube wp-embed-aspect-16-9 wp-has-aspect-ratio\"><div class=\"wp-block-embed__wrapper\">\n<iframe loading=\"lazy\" title=\"Museo H\u00e4me Hartola It\u00e4-H\u00e4meen Museo\" width=\"625\" height=\"352\" src=\"https:\/\/www.youtube.com\/embed\/Pyk6olnVKMo?feature=oembed\" frameborder=\"0\" allow=\"accelerometer; autoplay; clipboard-write; encrypted-media; gyroscope; picture-in-picture; web-share\" referrerpolicy=\"strict-origin-when-cross-origin\" allowfullscreen><\/iframe>\n<\/div><\/figure>\n\n\n\n<div style=\"height:20px\" aria-hidden=\"true\" class=\"wp-block-spacer\"><\/div>\n","protected":false},"excerpt":{"rendered":"<p>Museo on avoinna joka p\u00e4iv\u00e4 11-18 (kes\u00e4aika) tai klo 12-16 (talviaika), sopimuksesta muulloin. It\u00e4-H\u00e4meen museo on It\u00e4-H\u00e4meen seitsem\u00e4n pit\u00e4j\u00e4n seutumuseo, jonka omistaa vuonna 1928 perustettu It\u00e4-H\u00e4meen Museoyhdistys ry. Museon on perustanut kirjailija Maila Talvio. Presidentti Relander vihki It\u00e4-H\u00e4meen museon 30.6.1929. Koskip\u00e4\u00e4n kartanon rakennuksiin. It\u00e4-H\u00e4meen museosta voit l\u00f6yt\u00e4\u00e4 mm. kartanokulttuuria, kansanomaista esineist\u00f6\u00e4, Vuoksenranta-osaston, kirjailija Maila Talvion, [&hellip;]<\/p>\n","protected":false},"author":1,"featured_media":0,"parent":0,"menu_order":0,"comment_status":"closed","ping_status":"open","template":"page-templates\/front-page.php","meta":[],"_links":{"self":[{"href":"https:\/\/ihmuseo.fi\/index.php?rest_route=\/wp\/v2\/pages\/2"}],"collection":[{"href":"https:\/\/ihmuseo.fi\/index.php?rest_route=\/wp\/v2\/pages"}],"about":[{"href":"https:\/\/ihmuseo.fi\/index.php?rest_route=\/wp\/v2\/types\/page"}],"author":[{"embeddable":true,"href":"https:\/\/ihmuseo.fi\/index.php?rest_route=\/wp\/v2\/users\/1"}],"replies":[{"embeddable":true,"href":"https:\/\/ihmuseo.fi\/index.php?rest_route=%2Fwp%2Fv2%2Fcomments&post=2"}],"version-history":[{"count":129,"href":"https:\/\/ihmuseo.fi\/index.php?rest_route=\/wp\/v2\/pages\/2\/revisions"}],"predecessor-version":[{"id":475,"href":"https:\/\/ihmuseo.fi\/index.php?rest_route=\/wp\/v2\/pages\/2\/revisions\/475"}],"wp:attachment":[{"href":"https:\/\/ihmuseo.fi\/index.php?rest_route=%2Fwp%2Fv2%2Fmedia&parent=2"}],"curies":[{"name":"wp","href":"https:\/\/api.w.org\/{rel}","templated":true}]}}