{"id":380,"date":"2023-07-18T07:19:03","date_gmt":"2023-07-18T07:19:03","guid":{"rendered":"http:\/\/ihmuseo.fi\/?page_id=380"},"modified":"2023-07-18T07:28:34","modified_gmt":"2023-07-18T07:28:34","slug":"ahfaarikaappi","status":"publish","type":"page","link":"http:\/\/ihmuseo.fi\/?page_id=380","title":{"rendered":"\u00c4hf\u00e4\u00e4rikaappi"},"content":{"rendered":"\n<p><\/p>\n\n\n\n<figure class=\"wp-block-table\"><table><tbody><tr><td>Sysm\u00e4n pit\u00e4j\u00e4n historia<\/td><td>70e<\/td><\/tr><tr><td>Hartola, Pornainen ja sota<\/td><td>40e<\/td><\/tr><tr><td>Joutsan kyl\u00e4n vaiheita<\/td><td>40e<\/td><\/tr><tr><td>Yli satavuotisia talonpoikaistaloja<\/td><td>40e<\/td><\/tr><tr><td>Makuja mahtipit\u00e4j\u00e4st\u00e4<\/td><td>40e<\/td><\/tr><tr><td>Jos t\u00e4m\u00e4 ei auta, niin l\u00e4htee henki<\/td><td>40e<\/td><\/tr><tr><td>Ropotti ja kuubalainen serenaadi<\/td><td>35e<\/td><\/tr><tr><td>Miss\u00e4 palaa \u2013 Hartolan palokunta<\/td><td>35e<\/td><\/tr><tr><td>Sysm\u00e4l\u00e4isten kouluel\u00e4m\u00e4\u00e4<\/td><td>35e<\/td><\/tr><tr><td>Sysm\u00e4l\u00e4isi\u00e4 kartanosukuja<\/td><td>30e<\/td><\/tr><tr><td>Huumori kirjat<\/td><td>30e<\/td><\/tr><tr><td>Kehityksen salat<\/td><td>30e<\/td><\/tr><tr><td>Kun kuningas kuolee<\/td><td>30e<\/td><\/tr><tr><td>Musiikkiura omin p\u00e4in<\/td><td>30e<\/td><\/tr><tr><td>Sotilaita, pappeja ja vahvoja naisia<\/td><td>30e<\/td><\/tr><tr><td>Runoja er\u00e4maataipaleelta<\/td><td>25e<\/td><\/tr><tr><td>P\u00e4ij\u00e4nteen erakko<\/td><td>25e<\/td><\/tr><tr><td>Reinin kultaa<\/td><td>25e<\/td><\/tr><tr><td>P\u00e4ij\u00e4nteen satulaiva Refenut<\/td><td>25e<\/td><\/tr><tr><td>Sisilialainen \u00f6ljypuu<\/td><td>25e<\/td><\/tr><tr><td>Vihre\u00e4n huoneen hiljaisuus<\/td><td>25e<\/td><\/tr><tr><td>Koulupoikien vapaussota<\/td><td>25e<\/td><\/tr><tr><td>It\u00e4tuuli<\/td><td>25e<\/td><\/tr><tr><td>Kustavus tienhuarassa<\/td><td>20e<\/td><\/tr><tr><td>Puolet pet\u00e4j\u00e4ist\u00e4<\/td><td>20e<\/td><\/tr><tr><td>Juho Saarinen \u2013 Muistelmia<\/td><td>15e<\/td><\/tr><tr><td>Meid\u00e4n osamme<\/td><td>15e<\/td><\/tr><tr><td>Sysm\u00e4n Sisu<\/td><td>10e<\/td><\/tr><tr><td>Merkkini exlibris<\/td><td>10e<\/td><\/tr><tr><td>Tukholman kes\u00e4<\/td><td>10e<\/td><\/tr><tr><td>Essu menee kouluun<\/td><td>5e<\/td><\/tr><tr><td>Kirjakyl\u00e4lehdet<\/td><td>2e<\/td><\/tr><tr><td>Nippu sekalaisia teoksia<\/td><td>kysyk\u00e4\u00e4tten hinta<\/td><\/tr><tr><td><\/td><td><\/td><\/tr><tr><td>DVD ja CD-levyt<\/td><td>10e<\/td><\/tr><tr><td>Postikortit<\/td><td>1e<\/td><\/tr><\/tbody><\/table><\/figure>\n","protected":false},"excerpt":{"rendered":"<p>Sysm\u00e4n pit\u00e4j\u00e4n historia 70e Hartola, Pornainen ja sota 40e Joutsan kyl\u00e4n vaiheita 40e Yli satavuotisia talonpoikaistaloja 40e Makuja mahtipit\u00e4j\u00e4st\u00e4 40e Jos t\u00e4m\u00e4 ei auta, niin l\u00e4htee henki 40e Ropotti ja kuubalainen serenaadi 35e Miss\u00e4 palaa \u2013 Hartolan palokunta 35e Sysm\u00e4l\u00e4isten kouluel\u00e4m\u00e4\u00e4 35e Sysm\u00e4l\u00e4isi\u00e4 kartanosukuja 30e Huumori kirjat 30e Kehityksen salat 30e Kun kuningas kuolee 30e [&hellip;]<\/p>\n","protected":false},"author":1,"featured_media":0,"parent":0,"menu_order":0,"comment_status":"closed","ping_status":"closed","template":"","meta":[],"_links":{"self":[{"href":"http:\/\/ihmuseo.fi\/index.php?rest_route=\/wp\/v2\/pages\/380"}],"collection":[{"href":"http:\/\/ihmuseo.fi\/index.php?rest_route=\/wp\/v2\/pages"}],"about":[{"href":"http:\/\/ihmuseo.fi\/index.php?rest_route=\/wp\/v2\/types\/page"}],"author":[{"embeddable":true,"href":"http:\/\/ihmuseo.fi\/index.php?rest_route=\/wp\/v2\/users\/1"}],"replies":[{"embeddable":true,"href":"http:\/\/ihmuseo.fi\/index.php?rest_route=%2Fwp%2Fv2%2Fcomments&post=380"}],"version-history":[{"count":2,"href":"http:\/\/ihmuseo.fi\/index.php?rest_route=\/wp\/v2\/pages\/380\/revisions"}],"predecessor-version":[{"id":383,"href":"http:\/\/ihmuseo.fi\/index.php?rest_route=\/wp\/v2\/pages\/380\/revisions\/383"}],"wp:attachment":[{"href":"http:\/\/ihmuseo.fi\/index.php?rest_route=%2Fwp%2Fv2%2Fmedia&parent=380"}],"curies":[{"name":"wp","href":"https:\/\/api.w.org\/{rel}","templated":true}]}}